{"id":6973,"date":"2018-03-19T17:27:00","date_gmt":"2018-03-19T17:27:00","guid":{"rendered":"http:\/\/nieuw.meducom.nl\/links\/"},"modified":"2018-04-10T13:16:05","modified_gmt":"2018-04-10T13:16:05","slug":"links","status":"publish","type":"page","link":"https:\/\/meducom.nl\/de\/links\/","title":{"rendered":"Links"},"content":{"rendered":"<h2>N\u00fctzliche Links<\/h2>\n<p>Meducom hat mehrere n\u00fctzliche Links f\u00fcr Sie, die es Ihnen erm\u00f6glichen schnell auf die f\u00fcr Sie interessanten Seiten zu gelangen.<\/p>\n<p>Wenn Sie eines der Untermen\u00fcs an der rechten Seite anklicken, gelangen Sie zu den nach Themen geordneten Links.<\/p>\n<p>Sollten Sie eine wichtige Webseite vermissen, lassen Sie es uns bitte wissen. Senden Sie uns eine\u00a0<a href=\"mailto:contact@meducom.nl\">E-mail<\/a>\u00a0und wir werden den Link nach der \u00dcberpr\u00fcfung zu unserer Webseite hinzuf\u00fcgen.<\/p>\n<div id=\"content_left_spacer\" class=\"defaultclass\">\n<h3>Deutschland<\/h3>\n<ul>\n<li><a href=\"https:\/\/www.gesetze-im-internet.de\/amg_1976\/BJNR024480976.html\" target=\"_blank\" rel=\"noopener\">Gesetz \u00fcber den Verkehr mit Arzneimitteln (Arzneimittelgesetz &#8211; AMG) (Deutschland)<\/a><\/li>\n<li><a href=\"http:\/\/www.bfarm.de\/DE\/Arzneimittel\/zul\/zulassungsverfahren\/_node.html\" target=\"_blank\" rel=\"noopener\">Bundesinstituut f\u00fcr Arzneimittel und Medizinprodukte<\/a><\/li>\n<li><a href=\"https:\/\/www.messen.de\/de\/13386\/nuernberg\/medizin-innovativ-medtech-summit\/info\" target=\"_blank\" rel=\"noopener\">Medizin Innovativ &#8211; MedTech Summit 2017 &#8211; Kongress und Ausstellung f\u00fcr Unternehmen und Institutionen aus MedTech, Pharma und Gesundheitswesen<\/a><\/li>\n<li><a href=\"http:\/\/www.conferenceseries.com\/germany-meetings\/\" target=\"_blank\" rel=\"noopener\">Germany Conferences \/<\/a><\/li>\n<li><a href=\"https:\/\/www.deutsche-apotheker-zeitung.de\/daz-az\" target=\"_blank\" rel=\"noopener\">Deutsche Apotheker Zeitung<\/a><\/li>\n<\/ul>\n<h3>Schweiz<\/h3>\n<ul>\n<li><a href=\"https:\/\/www.admin.ch\/opc\/de\/classified-compilation\/20002716\/index.html\" target=\"_blank\" rel=\"noopener\">Bundesgesetz \u00fcber Arzneimittel und Medizinprodukte (Schweiz)<\/a><\/li>\n<li><a href=\"https:\/\/www.swissmedic.ch\/index.html?lang=de\" target=\"_blank\" rel=\"noopener\">SwissMedic<\/a><\/li>\n<li><a href=\"http:\/\/www.amzd.ch\/links.htm\" target=\"_blank\" rel=\"noopener\">AMZD \u2013 ArzneiMittelZulassungs Dienste<\/a><\/li>\n<li><a href=\"http:\/\/www.conferenceseries.com\/switzerland-meetings\/\" target=\"_blank\" rel=\"noopener\">Switzerland Conferences<\/a><\/li>\n<li><a href=\"http:\/\/www.pharm-gz.ch\/home.html\" target=\"_blank\" rel=\"noopener\">Pharmazeutische Gesellschaft Z\u00fcrich<\/a><\/li>\n<\/ul>\n<div id=\"content_left_spacer\" class=\"defaultclass\"><\/div>\n<div id=\"Content\" class=\"Content\">\n<h3>\u00d6sterreich<\/h3>\n<ul>\n<li><a href=\"https:\/\/www.billrothhaus.at\/\" target=\"_blank\" rel=\"noopener\">Gesellschaft der \u00c4rtze in Wien<\/a><\/li>\n<li><a href=\"http:\/\/www.oephg.at\/\" target=\"_blank\" rel=\"noopener\">\u00d6sterreichische Pharmazeutische Gesellschaft<\/a><\/li>\n<li><a href=\"http:\/\/www.aekwien.at\/ansprechpartner\" target=\"_blank\" rel=\"noopener\">\u00c4rztekammer f\u00fcr Wien (Austria)<\/a><\/li>\n<li><a href=\"http:\/\/www.basg.gv.at\/arzneimittel\/\" target=\"_blank\" rel=\"noopener\">Bundesamt f\u00fcr Sicherheit im Gesundheitswesen<\/a><\/li>\n<li><a href=\"http:\/\/www.conferenceseries.com\/austria-meetings\/\" target=\"_blank\" rel=\"noopener\">Austria Conferences<\/a><\/li>\n<\/ul>\n<\/div>\n<\/div>\n<div id=\"Content\" class=\"Content\">\n<p>&nbsp;<\/p>\n<\/div>\n","protected":false},"excerpt":{"rendered":"<p>N\u00fctzliche Links Meducom hat mehrere n\u00fctzliche Links f\u00fcr Sie, die es Ihnen erm\u00f6glichen schnell auf&#8230;<\/p>\n","protected":false},"author":2,"featured_media":0,"parent":0,"menu_order":0,"comment_status":"closed","ping_status":"closed","template":"","meta":{"footnotes":""},"class_list":["post-6973","page","type-page","status-publish","hentry"],"_links":{"self":[{"href":"https:\/\/meducom.nl\/de\/wp-json\/wp\/v2\/pages\/6973","targetHints":{"allow":["GET"]}}],"collection":[{"href":"https:\/\/meducom.nl\/de\/wp-json\/wp\/v2\/pages"}],"about":[{"href":"https:\/\/meducom.nl\/de\/wp-json\/wp\/v2\/types\/page"}],"author":[{"embeddable":true,"href":"https:\/\/meducom.nl\/de\/wp-json\/wp\/v2\/users\/2"}],"replies":[{"embeddable":true,"href":"https:\/\/meducom.nl\/de\/wp-json\/wp\/v2\/comments?post=6973"}],"version-history":[{"count":5,"href":"https:\/\/meducom.nl\/de\/wp-json\/wp\/v2\/pages\/6973\/revisions"}],"predecessor-version":[{"id":7098,"href":"https:\/\/meducom.nl\/de\/wp-json\/wp\/v2\/pages\/6973\/revisions\/7098"}],"wp:attachment":[{"href":"https:\/\/meducom.nl\/de\/wp-json\/wp\/v2\/media?parent=6973"}],"curies":[{"name":"wp","href":"https:\/\/api.w.org\/{rel}","templated":true}]}}